{"id":16000,"date":"2023-06-06T19:37:25","date_gmt":"2023-06-06T17:37:25","guid":{"rendered":"http:\/\/lavandou-watersports.fr\/rates\/"},"modified":"2025-07-12T07:11:49","modified_gmt":"2025-07-12T05:11:49","slug":"rates","status":"publish","type":"page","link":"https:\/\/lavandou-watersports.fr\/en\/rates\/","title":{"rendered":"Rates"},"content":{"rendered":"\t\t<div data-elementor-type=\"wp-page\" data-elementor-id=\"16000\" class=\"elementor elementor-16000 elementor-14256\" data-elementor-post-type=\"page\">\n\t\t\t\t<div class=\"elementor-element elementor-element-600d683 e-con-full Warp-parallax-slow e-flex e-con e-parent\" data-id=\"600d683\" data-element_type=\"container\" data-scroll-section=\"\">\n\t\t\t\t<div class=\"elementor-element elementor-element-a81ee5b s-back active elementor-widget__width-inherit elementor-widget elementor-widget-image\" data-id=\"a81ee5b\" data-element_type=\"widget\" data-y=\"200\" data-scrub=\"0.2\" data-start=\"top top\" data-end=\"bottom top\" data-widget_type=\"image.default\">\n\t\t\t\t<div class=\"elementor-widget-container\">\n\t\t\t\t\t\t\t\t\t\t\t\t\t\t\t<img fetchpriority=\"high\" decoding=\"async\" width=\"1920\" height=\"1289\" src=\"https:\/\/lavandou-watersports.fr\/wp-content\/uploads\/2023\/06\/Lavandou-watersport-wakeboard-slider-005.webp\" class=\"attachment-full size-full wp-image-14559\" alt=\"\" srcset=\"https:\/\/lavandou-watersports.fr\/wp-content\/uploads\/2023\/06\/Lavandou-watersport-wakeboard-slider-005.webp 1920w, https:\/\/lavandou-watersports.fr\/wp-content\/uploads\/2023\/06\/Lavandou-watersport-wakeboard-slider-005-300x201.webp 300w, https:\/\/lavandou-watersports.fr\/wp-content\/uploads\/2023\/06\/Lavandou-watersport-wakeboard-slider-005-1024x687.webp 1024w, https:\/\/lavandou-watersports.fr\/wp-content\/uploads\/2023\/06\/Lavandou-watersport-wakeboard-slider-005-768x516.webp 768w, https:\/\/lavandou-watersports.fr\/wp-content\/uploads\/2023\/06\/Lavandou-watersport-wakeboard-slider-005-1536x1031.webp 1536w\" sizes=\"(max-width: 1920px) 100vw, 1920px\" \/>\t\t\t\t\t\t\t\t\t\t\t\t\t\t\t<\/div>\n\t\t\t\t<\/div>\n\t\t\t\t<\/div>\n\t\t<div class=\"elementor-element elementor-element-af08551 e-con-full e-flex e-con e-parent\" data-id=\"af08551\" data-element_type=\"container\">\n\t\t<div class=\"elementor-element elementor-element-a002f1e e-con-full e-flex e-con e-child\" data-id=\"a002f1e\" data-element_type=\"container\" data-settings=\"{&quot;background_background&quot;:&quot;classic&quot;}\">\n\t\t<div class=\"elementor-element elementor-element-de1f5fa e-flex e-con-boxed e-con e-child\" data-id=\"de1f5fa\" data-element_type=\"container\">\n\t\t\t\t\t<div class=\"e-con-inner\">\n\t\t\t\t<div class=\"elementor-element elementor-element-33d0de9 elementor-widget elementor-widget-heading\" data-id=\"33d0de9\" data-element_type=\"widget\" data-widget_type=\"heading.default\">\n\t\t\t\t<div class=\"elementor-widget-container\">\n\t\t\t\t\t<h2 class=\"elementor-heading-title elementor-size-default\">Our rates<\/h2>\t\t\t\t<\/div>\n\t\t\t\t<\/div>\n\t\t\t\t<div class=\"elementor-element elementor-element-35b4abb Paragraph-js jusitfy-content-left txt-info elementor-widget elementor-widget-text-editor\" data-id=\"35b4abb\" data-element_type=\"widget\" data-widget_type=\"text-editor.default\">\n\t\t\t\t<div class=\"elementor-widget-container\">\n\t\t\t\t\t\t\t\t\tFor further information, please contact us!\t\t\t\t\t\t\t\t<\/div>\n\t\t\t\t<\/div>\n\t\t<div class=\"elementor-element elementor-element-b2d9d20 e-con-full e-flex e-con e-child\" data-id=\"b2d9d20\" data-element_type=\"container\">\n\t\t<div class=\"elementor-element elementor-element-f3dff5e e-con-full e-flex e-con e-child\" data-id=\"f3dff5e\" data-element_type=\"container\">\n\t\t\t\t<div class=\"elementor-element elementor-element-6c890b4 elementor-widget elementor-widget-heading\" data-id=\"6c890b4\" data-element_type=\"widget\" data-settings=\"{&quot;_animation&quot;:&quot;none&quot;}\" data-widget_type=\"heading.default\">\n\t\t\t\t<div class=\"elementor-widget-container\">\n\t\t\t\t\t<h2 class=\"elementor-heading-title elementor-size-default\">Parachute ascension<\/h2>\t\t\t\t<\/div>\n\t\t\t\t<\/div>\n\t\t\t\t<div class=\"elementor-element elementor-element-384b3b6 elementor-widget elementor-widget-text-editor\" data-id=\"384b3b6\" data-element_type=\"widget\" data-widget_type=\"text-editor.default\">\n\t\t\t\t<div class=\"elementor-widget-container\">\n\t\t\t\t\t\t\t\t\t<p>Maximum weight per flight: 190kg<\/p>\t\t\t\t\t\t\t\t<\/div>\n\t\t\t\t<\/div>\n\t\t\t\t<div class=\"elementor-element elementor-element-4f2924b F-u-s gsap-anim desc-slide animated-slow elementor-invisible elementor-widget elementor-widget-text-editor\" data-id=\"4f2924b\" data-element_type=\"widget\" data-settings=\"{&quot;_animation&quot;:&quot;fadeIn&quot;}\" data-widget_type=\"text-editor.default\">\n\t\t\t\t<div class=\"elementor-widget-container\">\n\t\t\t\t\t\t\t\t\t<table class=\"easy-table easy-table-default \"><tbody><tr><td>Single parachute<\/td><td style=\"text-align: right;\">80\u20ac<\/td><\/tr><tr><td>Double parachute<\/td><td style=\"text-align: right;\">99\u20ac<\/td><\/tr><tr><td>Triple parachute<\/td><td style=\"text-align: right;\">135\u20ac<\/td><\/tr><tr><td>Quadruple parachute<\/td><td style=\"text-align: right;\">170\u20ac<\/td><\/tr><\/tbody><\/table>\t\t\t\t\t\t\t\t<\/div>\n\t\t\t\t<\/div>\n\t\t\t\t<div class=\"elementor-element elementor-element-feec4e4 elementor-widget elementor-widget-heading\" data-id=\"feec4e4\" data-element_type=\"widget\" data-settings=\"{&quot;_animation&quot;:&quot;none&quot;}\" data-widget_type=\"heading.default\">\n\t\t\t\t<div class=\"elementor-widget-container\">\n\t\t\t\t\t<h2 class=\"elementor-heading-title elementor-size-default\">Ski\/wakeboard<\/h2>\t\t\t\t<\/div>\n\t\t\t\t<\/div>\n\t\t\t\t<div class=\"elementor-element elementor-element-fc519fe F-u-s gsap-anim desc-slide animated-slow elementor-invisible elementor-widget elementor-widget-text-editor\" data-id=\"fc519fe\" data-element_type=\"widget\" data-settings=\"{&quot;_animation&quot;:&quot;fadeIn&quot;}\" data-widget_type=\"text-editor.default\">\n\t\t\t\t<div class=\"elementor-widget-container\">\n\t\t\t\t\t\t\t\t\t<table class=\"easy-table easy-table-default \"><tbody><tr><td>Ski tour<\/td><td style=\"text-align: right;\">38\u20ac<\/td><\/tr><tr><td>Ski abonnement 10 tours + 1 free<\/td><td style=\"text-align: right;\">380\u20ac<\/td><\/tr><tr><td>Accompanied lesson with instructor<\/td><td style=\"text-align: right;\">65\u20ac<\/td><\/tr><\/tbody><\/table>\t\t\t\t\t\t\t\t<\/div>\n\t\t\t\t<\/div>\n\t\t\t\t<div class=\"elementor-element elementor-element-a48dd70 elementor-widget elementor-widget-heading\" data-id=\"a48dd70\" data-element_type=\"widget\" data-settings=\"{&quot;_animation&quot;:&quot;none&quot;}\" data-widget_type=\"heading.default\">\n\t\t\t\t<div class=\"elementor-widget-container\">\n\t\t\t\t\t<h2 class=\"elementor-heading-title elementor-size-default\">Buoys\/games<\/h2>\t\t\t\t<\/div>\n\t\t\t\t<\/div>\n\t\t\t\t<div class=\"elementor-element elementor-element-2c54bac F-u-s gsap-anim desc-slide animated-slow elementor-invisible elementor-widget elementor-widget-text-editor\" data-id=\"2c54bac\" data-element_type=\"widget\" data-settings=\"{&quot;_animation&quot;:&quot;fadeIn&quot;}\" data-widget_type=\"text-editor.default\">\n\t\t\t\t<div class=\"elementor-widget-container\">\n\t\t\t\t\t\t\t\t\t<table class=\"easy-table easy-table-default \"><tbody><tr><td>Games (for 1 person)<\/td><td style=\"text-align: right;\">30\u20ac<\/td><\/tr><tr><td>Games from 2 (for 1 person)<\/td><td style=\"text-align: right;\">25\u20ac<\/td><\/tr><\/tbody><\/table>\t\t\t\t\t\t\t\t<\/div>\n\t\t\t\t<\/div>\n\t\t\t\t<div class=\"elementor-element elementor-element-1ed3238 elementor-widget elementor-widget-heading\" data-id=\"1ed3238\" data-element_type=\"widget\" data-settings=\"{&quot;_animation&quot;:&quot;none&quot;}\" data-widget_type=\"heading.default\">\n\t\t\t\t<div class=\"elementor-widget-container\">\n\t\t\t\t\t<h2 class=\"elementor-heading-title elementor-size-default\">Efoil\/Flitescooter<\/h2>\t\t\t\t<\/div>\n\t\t\t\t<\/div>\n\t\t\t\t<div class=\"elementor-element elementor-element-35f0570 elementor-widget elementor-widget-text-editor\" data-id=\"35f0570\" data-element_type=\"widget\" data-widget_type=\"text-editor.default\">\n\t\t\t\t<div class=\"elementor-widget-container\">\n\t\t\t\t\t\t\t\t\tInitiation obligatoire pour la premi\u00e8re session sur notre base\t\t\t\t\t\t\t\t<\/div>\n\t\t\t\t<\/div>\n\t\t\t\t<div class=\"elementor-element elementor-element-aea3c50 F-u-s gsap-anim desc-slide animated-slow elementor-invisible elementor-widget elementor-widget-text-editor\" data-id=\"aea3c50\" data-element_type=\"widget\" data-settings=\"{&quot;_animation&quot;:&quot;fadeIn&quot;}\" data-widget_type=\"text-editor.default\">\n\t\t\t\t<div class=\"elementor-widget-container\">\n\t\t\t\t\t\t\t\t\t<table class=\"easy-table easy-table-default \"><tbody><tr><td>eFoil\/Flitescooter 1h initiation for 1 person with 1 board: 10 min briefing and 50 min at sea<\/td><td style=\"text-align: right;\">140\u20ac<\/td><\/tr><tr><td>eFoil\/Flitescooter 1h initiation for 2 people sharing 1 board: 10 min briefing and 50 min at sea<\/td><td style=\"text-align: right;\">150\u20ac<\/td><\/tr><tr><td>eFoil\/Flitescooter 1h initiation for 2 people with 2 boards: 10 min briefing and 50 min at sea<\/td><td style=\"text-align: right;\">260\u20ac<\/td><\/tr><\/tbody><\/table>\t\t\t\t\t\t\t\t<\/div>\n\t\t\t\t<\/div>\n\t\t\t\t<div class=\"elementor-element elementor-element-e4f88ef elementor-widget elementor-widget-text-editor\" data-id=\"e4f88ef\" data-element_type=\"widget\" data-widget_type=\"text-editor.default\">\n\t\t\t\t<div class=\"elementor-widget-container\">\n\t\t\t\t\t\t\t\t\t\u00c0 partir de la seconde session dans notre base :\t\t\t\t\t\t\t\t<\/div>\n\t\t\t\t<\/div>\n\t\t\t\t<div class=\"elementor-element elementor-element-78aeb26 F-u-s gsap-anim desc-slide animated-slow elementor-invisible elementor-widget elementor-widget-text-editor\" data-id=\"78aeb26\" data-element_type=\"widget\" data-settings=\"{&quot;_animation&quot;:&quot;fadeIn&quot;}\" data-widget_type=\"text-editor.default\">\n\t\t\t\t<div class=\"elementor-widget-container\">\n\t\t\t\t\t\t\t\t\t<table class=\"easy-table easy-table-default \"><tbody><tr><td>Option to rent the Efoil\/Flitescooter for a 25-minute supervised session, 1 person per board<\/td><td style=\"text-align: right;\">70\u20ac<\/td><\/tr><\/tbody><\/table>\t\t\t\t\t\t\t\t<\/div>\n\t\t\t\t<\/div>\n\t\t\t\t<\/div>\n\t\t<div class=\"elementor-element elementor-element-30e22ef e-con-full e-flex e-con e-child\" data-id=\"30e22ef\" data-element_type=\"container\">\n\t\t\t\t<div class=\"elementor-element elementor-element-e16442f elementor-widget elementor-widget-heading\" data-id=\"e16442f\" data-element_type=\"widget\" data-settings=\"{&quot;_animation&quot;:&quot;none&quot;}\" data-widget_type=\"heading.default\">\n\t\t\t\t<div class=\"elementor-widget-container\">\n\t\t\t\t\t<h2 class=\"elementor-heading-title elementor-size-default\">Wing foil<\/h2>\t\t\t\t<\/div>\n\t\t\t\t<\/div>\n\t\t\t\t<div class=\"elementor-element elementor-element-1258c55 elementor-widget elementor-widget-text-editor\" data-id=\"1258c55\" data-element_type=\"widget\" data-widget_type=\"text-editor.default\">\n\t\t\t\t<div class=\"elementor-widget-container\">\n\t\t\t\t\t\t\t\t\tWing foil cours particulier :\t\t\t\t\t\t\t\t<\/div>\n\t\t\t\t<\/div>\n\t\t\t\t<div class=\"elementor-element elementor-element-a2942b7 F-u-s gsap-anim desc-slide animated-slow elementor-invisible elementor-widget elementor-widget-text-editor\" data-id=\"a2942b7\" data-element_type=\"widget\" data-settings=\"{&quot;_animation&quot;:&quot;fadeIn&quot;}\" data-widget_type=\"text-editor.default\">\n\t\t\t\t<div class=\"elementor-widget-container\">\n\t\t\t\t\t\t\t\t\t<table class=\"easy-table easy-table-default \"><tbody><tr><td>Wing foil 2h &#8211; 1 personne &#8211; 10 mn de briefing et 1h50 en mer<\/td><td style=\"text-align: right;\">250\u20ac<\/td><\/tr><\/tbody><\/table>\t\t\t\t\t\t\t\t<\/div>\n\t\t\t\t<\/div>\n\t\t\t\t<div class=\"elementor-element elementor-element-beff5b4 elementor-widget elementor-widget-text-editor\" data-id=\"beff5b4\" data-element_type=\"widget\" data-widget_type=\"text-editor.default\">\n\t\t\t\t<div class=\"elementor-widget-container\">\n\t\t\t\t\t\t\t\t\tWing foil cours semi-priv\u00e9 (2 \u00e9l\u00e8ves max) :\t\t\t\t\t\t\t\t<\/div>\n\t\t\t\t<\/div>\n\t\t\t\t<div class=\"elementor-element elementor-element-ae4ac86 F-u-s gsap-anim desc-slide animated-slow elementor-invisible elementor-widget elementor-widget-text-editor\" data-id=\"ae4ac86\" data-element_type=\"widget\" data-settings=\"{&quot;_animation&quot;:&quot;fadeIn&quot;}\" data-widget_type=\"text-editor.default\">\n\t\t\t\t<div class=\"elementor-widget-container\">\n\t\t\t\t\t\t\t\t\t<table class=\"easy-table easy-table-default \"><tbody><tr><td>Wing foil 2h &#8211; 10 mn de briefing et 1h50 en mer<\/td><td style=\"text-align: right;\">220\u20ac\/pers<\/td><\/tr><\/tbody><\/table>\t\t\t\t\t\t\t\t<\/div>\n\t\t\t\t<\/div>\n\t\t\t\t<div class=\"elementor-element elementor-element-3793eb9 elementor-widget elementor-widget-text-editor\" data-id=\"3793eb9\" data-element_type=\"widget\" data-widget_type=\"text-editor.default\">\n\t\t\t\t<div class=\"elementor-widget-container\">\n\t\t\t\t\t\t\t\t\tWing foil s\u00e9ances de 3h \u00e0 la carte :\t\t\t\t\t\t\t\t<\/div>\n\t\t\t\t<\/div>\n\t\t\t\t<div class=\"elementor-element elementor-element-f04ff9a F-u-s gsap-anim desc-slide animated-slow elementor-invisible elementor-widget elementor-widget-text-editor\" data-id=\"f04ff9a\" data-element_type=\"widget\" data-settings=\"{&quot;_animation&quot;:&quot;fadeIn&quot;}\" data-widget_type=\"text-editor.default\">\n\t\t\t\t<div class=\"elementor-widget-container\">\n\t\t\t\t\t\t\t\t\t<table class=\"easy-table easy-table-default \"><tbody><tr><td>1 s\u00e9ance<\/td><td style=\"text-align: right;\">140\u20ac<\/td><\/tr><tr><td>2 s\u00e9ances<\/td><td style=\"text-align: right;\">270\u20ac<\/td><\/tr><tr><td>3 s\u00e9ances<\/td><td style=\"text-align: right;\">390\u20ac<\/td><\/tr><\/tbody><\/table>\t\t\t\t\t\t\t\t<\/div>\n\t\t\t\t<\/div>\n\t\t\t\t<div class=\"elementor-element elementor-element-aa66983 elementor-widget elementor-widget-text-editor\" data-id=\"aa66983\" data-element_type=\"widget\" data-widget_type=\"text-editor.default\">\n\t\t\t\t<div class=\"elementor-widget-container\">\n\t\t\t\t\t\t\t\t\tFoil tract\u00e9e \u00e0 la barre (support p\u00e9dagogique) :\t\t\t\t\t\t\t\t<\/div>\n\t\t\t\t<\/div>\n\t\t\t\t<div class=\"elementor-element elementor-element-0b24b1d F-u-s gsap-anim desc-slide animated-slow elementor-invisible elementor-widget elementor-widget-text-editor\" data-id=\"0b24b1d\" data-element_type=\"widget\" data-settings=\"{&quot;_animation&quot;:&quot;fadeIn&quot;}\" data-widget_type=\"text-editor.default\">\n\t\t\t\t<div class=\"elementor-widget-container\">\n\t\t\t\t\t\t\t\t\t<table class=\"easy-table easy-table-default \"><tbody><tr><td>S\u00e9ance 20 minutes<\/td><td style=\"text-align: right;\">60\u20ac<\/td><\/tr><tr><td>S\u00e9ance 30 minutes<\/td><td style=\"text-align: right;\">80\u20ac<\/td><\/tr><\/tbody><\/table>\t\t\t\t\t\t\t\t<\/div>\n\t\t\t\t<\/div>\n\t\t\t\t<\/div>\n\t\t\t\t<\/div>\n\t\t\t\t\t<\/div>\n\t\t\t\t<\/div>\n\t\t\t\t<\/div>\n\t\t<div class=\"elementor-element elementor-element-dd95a60 e-con-full e-flex e-con e-child\" data-id=\"dd95a60\" data-element_type=\"container\">\n\t\t\t\t<div class=\"elementor-element elementor-element-ff18dc4 scroll elementor-widget elementor-widget-image\" data-id=\"ff18dc4\" data-element_type=\"widget\" data-direction=\"vertical\" data-rate=\"5.5\" data-widget_type=\"image.default\">\n\t\t\t\t<div class=\"elementor-widget-container\">\n\t\t\t\t\t\t\t\t\t\t\t\t\t\t\t<img decoding=\"async\" width=\"2075\" height=\"2560\" src=\"https:\/\/lavandou-watersports.fr\/wp-content\/uploads\/2023\/06\/Lavandou-watersport-a-propos-003-scaled.webp\" class=\"attachment-full size-full wp-image-16115\" alt=\"\" srcset=\"https:\/\/lavandou-watersports.fr\/wp-content\/uploads\/2023\/06\/Lavandou-watersport-a-propos-003-scaled.webp 2075w, https:\/\/lavandou-watersports.fr\/wp-content\/uploads\/2023\/06\/Lavandou-watersport-a-propos-003-243x300.webp 243w, https:\/\/lavandou-watersports.fr\/wp-content\/uploads\/2023\/06\/Lavandou-watersport-a-propos-003-830x1024.webp 830w, https:\/\/lavandou-watersports.fr\/wp-content\/uploads\/2023\/06\/Lavandou-watersport-a-propos-003-768x948.webp 768w, https:\/\/lavandou-watersports.fr\/wp-content\/uploads\/2023\/06\/Lavandou-watersport-a-propos-003-1245x1536.webp 1245w, https:\/\/lavandou-watersports.fr\/wp-content\/uploads\/2023\/06\/Lavandou-watersport-a-propos-003-1660x2048.webp 1660w\" sizes=\"(max-width: 2075px) 100vw, 2075px\" \/>\t\t\t\t\t\t\t\t\t\t\t\t\t\t\t<\/div>\n\t\t\t\t<\/div>\n\t\t\t\t<\/div>\n\t\t\t\t<\/div>\n\t\t\t\t<\/div>\n\t\t","protected":false},"excerpt":{"rendered":"<p>Our rates For further information, please contact us! Parachute ascension Maximum weight per flight: 190kg Single parachute 80\u20ac Double parachute 99\u20ac Triple parachute 135\u20ac Quadruple parachute 170\u20ac Ski\/wakeboard Ski tour 38\u20ac Ski abonnement 10 tours + 1 free 380\u20ac Accompanied lesson with instructor 65\u20ac Buoys\/games Games (for 1 person) 30\u20ac Games from 2 (for 1 [&hellip;]<\/p>\n","protected":false},"author":1,"featured_media":0,"parent":0,"menu_order":0,"comment_status":"closed","ping_status":"closed","template":"","meta":{"footnotes":""},"class_list":["post-16000","page","type-page","status-publish","hentry"],"yoast_head":"<!-- This site is optimized with the Yoast SEO plugin v26.2 - https:\/\/yoast.com\/wordpress\/plugins\/seo\/ -->\n<title>Our Watersports Rates in Lavandou - Lavandou watersports<\/title>\n<meta name=\"description\" content=\"Check our Lavandou rates for parasailing, wakeboarding\/water-skiing, towable tubes, eFoil, Flitescooter, and wing foil. Book online or contact us for a gift voucher!\" \/>\n<meta name=\"robots\" content=\"index, follow, max-snippet:-1, max-image-preview:large, max-video-preview:-1\" \/>\n<link rel=\"canonical\" href=\"https:\/\/lavandou-watersports.fr\/en\/rates\/\" \/>\n<meta property=\"og:locale\" content=\"en_US\" \/>\n<meta property=\"og:type\" content=\"article\" \/>\n<meta property=\"og:title\" content=\"Our Watersports Rates in Lavandou - Lavandou watersports\" \/>\n<meta property=\"og:description\" content=\"Check our Lavandou rates for parasailing, wakeboarding\/water-skiing, towable tubes, eFoil, Flitescooter, and wing foil. Book online or contact us for a gift voucher!\" \/>\n<meta property=\"og:url\" content=\"https:\/\/lavandou-watersports.fr\/en\/rates\/\" \/>\n<meta property=\"og:site_name\" content=\"Lavandou watersports\" \/>\n<meta property=\"article:modified_time\" content=\"2025-07-12T05:11:49+00:00\" \/>\n<meta property=\"og:image\" content=\"https:\/\/lavandou-watersports.fr\/wp-content\/uploads\/2023\/06\/Lavandou-watersport-wakeboard-slider-005.webp\" \/>\n\t<meta property=\"og:image:width\" content=\"1920\" \/>\n\t<meta property=\"og:image:height\" content=\"1289\" \/>\n\t<meta property=\"og:image:type\" content=\"image\/webp\" \/>\n<meta name=\"twitter:card\" content=\"summary_large_image\" \/>\n<meta name=\"twitter:label1\" content=\"Est. reading time\" \/>\n\t<meta name=\"twitter:data1\" content=\"1 minute\" \/>\n<script type=\"application\/ld+json\" class=\"yoast-schema-graph\">{\"@context\":\"https:\/\/schema.org\",\"@graph\":[{\"@type\":\"WebPage\",\"@id\":\"https:\/\/lavandou-watersports.fr\/en\/rates\/\",\"url\":\"https:\/\/lavandou-watersports.fr\/en\/rates\/\",\"name\":\"Our Watersports Rates in Lavandou - Lavandou watersports\",\"isPartOf\":{\"@id\":\"https:\/\/lavandou-watersports.fr\/en\/#website\"},\"primaryImageOfPage\":{\"@id\":\"https:\/\/lavandou-watersports.fr\/en\/rates\/#primaryimage\"},\"image\":{\"@id\":\"https:\/\/lavandou-watersports.fr\/en\/rates\/#primaryimage\"},\"thumbnailUrl\":\"https:\/\/lavandou-watersports.fr\/wp-content\/uploads\/2023\/06\/Lavandou-watersport-wakeboard-slider-005.webp\",\"datePublished\":\"2023-06-06T17:37:25+00:00\",\"dateModified\":\"2025-07-12T05:11:49+00:00\",\"description\":\"Check our Lavandou rates for parasailing, wakeboarding\/water-skiing, towable tubes, eFoil, Flitescooter, and wing foil. Book online or contact us for a gift voucher!\",\"breadcrumb\":{\"@id\":\"https:\/\/lavandou-watersports.fr\/en\/rates\/#breadcrumb\"},\"inLanguage\":\"en-US\",\"potentialAction\":[{\"@type\":\"ReadAction\",\"target\":[\"https:\/\/lavandou-watersports.fr\/en\/rates\/\"]}]},{\"@type\":\"ImageObject\",\"inLanguage\":\"en-US\",\"@id\":\"https:\/\/lavandou-watersports.fr\/en\/rates\/#primaryimage\",\"url\":\"https:\/\/lavandou-watersports.fr\/wp-content\/uploads\/2023\/06\/Lavandou-watersport-wakeboard-slider-005.webp\",\"contentUrl\":\"https:\/\/lavandou-watersports.fr\/wp-content\/uploads\/2023\/06\/Lavandou-watersport-wakeboard-slider-005.webp\"},{\"@type\":\"BreadcrumbList\",\"@id\":\"https:\/\/lavandou-watersports.fr\/en\/rates\/#breadcrumb\",\"itemListElement\":[{\"@type\":\"ListItem\",\"position\":1,\"name\":\"Home\",\"item\":\"https:\/\/lavandou-watersports.fr\/en\/\"},{\"@type\":\"ListItem\",\"position\":2,\"name\":\"Rates\"}]},{\"@type\":\"WebSite\",\"@id\":\"https:\/\/lavandou-watersports.fr\/en\/#website\",\"url\":\"https:\/\/lavandou-watersports.fr\/en\/\",\"name\":\"Lavandou watersports\",\"description\":\"Activit\u00e9s nautiques au Lavandou\",\"potentialAction\":[{\"@type\":\"SearchAction\",\"target\":{\"@type\":\"EntryPoint\",\"urlTemplate\":\"https:\/\/lavandou-watersports.fr\/en\/?s={search_term_string}\"},\"query-input\":{\"@type\":\"PropertyValueSpecification\",\"valueRequired\":true,\"valueName\":\"search_term_string\"}}],\"inLanguage\":\"en-US\"}]}<\/script>\n<!-- \/ Yoast SEO plugin. -->","yoast_head_json":{"title":"Our Watersports Rates in Lavandou - Lavandou watersports","description":"Check our Lavandou rates for parasailing, wakeboarding\/water-skiing, towable tubes, eFoil, Flitescooter, and wing foil. Book online or contact us for a gift voucher!","robots":{"index":"index","follow":"follow","max-snippet":"max-snippet:-1","max-image-preview":"max-image-preview:large","max-video-preview":"max-video-preview:-1"},"canonical":"https:\/\/lavandou-watersports.fr\/en\/rates\/","og_locale":"en_US","og_type":"article","og_title":"Our Watersports Rates in Lavandou - Lavandou watersports","og_description":"Check our Lavandou rates for parasailing, wakeboarding\/water-skiing, towable tubes, eFoil, Flitescooter, and wing foil. Book online or contact us for a gift voucher!","og_url":"https:\/\/lavandou-watersports.fr\/en\/rates\/","og_site_name":"Lavandou watersports","article_modified_time":"2025-07-12T05:11:49+00:00","og_image":[{"width":1920,"height":1289,"url":"https:\/\/lavandou-watersports.fr\/wp-content\/uploads\/2023\/06\/Lavandou-watersport-wakeboard-slider-005.webp","type":"image\/webp"}],"twitter_card":"summary_large_image","twitter_misc":{"Est. reading time":"1 minute"},"schema":{"@context":"https:\/\/schema.org","@graph":[{"@type":"WebPage","@id":"https:\/\/lavandou-watersports.fr\/en\/rates\/","url":"https:\/\/lavandou-watersports.fr\/en\/rates\/","name":"Our Watersports Rates in Lavandou - Lavandou watersports","isPartOf":{"@id":"https:\/\/lavandou-watersports.fr\/en\/#website"},"primaryImageOfPage":{"@id":"https:\/\/lavandou-watersports.fr\/en\/rates\/#primaryimage"},"image":{"@id":"https:\/\/lavandou-watersports.fr\/en\/rates\/#primaryimage"},"thumbnailUrl":"https:\/\/lavandou-watersports.fr\/wp-content\/uploads\/2023\/06\/Lavandou-watersport-wakeboard-slider-005.webp","datePublished":"2023-06-06T17:37:25+00:00","dateModified":"2025-07-12T05:11:49+00:00","description":"Check our Lavandou rates for parasailing, wakeboarding\/water-skiing, towable tubes, eFoil, Flitescooter, and wing foil. Book online or contact us for a gift voucher!","breadcrumb":{"@id":"https:\/\/lavandou-watersports.fr\/en\/rates\/#breadcrumb"},"inLanguage":"en-US","potentialAction":[{"@type":"ReadAction","target":["https:\/\/lavandou-watersports.fr\/en\/rates\/"]}]},{"@type":"ImageObject","inLanguage":"en-US","@id":"https:\/\/lavandou-watersports.fr\/en\/rates\/#primaryimage","url":"https:\/\/lavandou-watersports.fr\/wp-content\/uploads\/2023\/06\/Lavandou-watersport-wakeboard-slider-005.webp","contentUrl":"https:\/\/lavandou-watersports.fr\/wp-content\/uploads\/2023\/06\/Lavandou-watersport-wakeboard-slider-005.webp"},{"@type":"BreadcrumbList","@id":"https:\/\/lavandou-watersports.fr\/en\/rates\/#breadcrumb","itemListElement":[{"@type":"ListItem","position":1,"name":"Home","item":"https:\/\/lavandou-watersports.fr\/en\/"},{"@type":"ListItem","position":2,"name":"Rates"}]},{"@type":"WebSite","@id":"https:\/\/lavandou-watersports.fr\/en\/#website","url":"https:\/\/lavandou-watersports.fr\/en\/","name":"Lavandou watersports","description":"Activit\u00e9s nautiques au Lavandou","potentialAction":[{"@type":"SearchAction","target":{"@type":"EntryPoint","urlTemplate":"https:\/\/lavandou-watersports.fr\/en\/?s={search_term_string}"},"query-input":{"@type":"PropertyValueSpecification","valueRequired":true,"valueName":"search_term_string"}}],"inLanguage":"en-US"}]}},"_links":{"self":[{"href":"https:\/\/lavandou-watersports.fr\/en\/wp-json\/wp\/v2\/pages\/16000","targetHints":{"allow":["GET"]}}],"collection":[{"href":"https:\/\/lavandou-watersports.fr\/en\/wp-json\/wp\/v2\/pages"}],"about":[{"href":"https:\/\/lavandou-watersports.fr\/en\/wp-json\/wp\/v2\/types\/page"}],"author":[{"embeddable":true,"href":"https:\/\/lavandou-watersports.fr\/en\/wp-json\/wp\/v2\/users\/1"}],"replies":[{"embeddable":true,"href":"https:\/\/lavandou-watersports.fr\/en\/wp-json\/wp\/v2\/comments?post=16000"}],"version-history":[{"count":2,"href":"https:\/\/lavandou-watersports.fr\/en\/wp-json\/wp\/v2\/pages\/16000\/revisions"}],"predecessor-version":[{"id":24285,"href":"https:\/\/lavandou-watersports.fr\/en\/wp-json\/wp\/v2\/pages\/16000\/revisions\/24285"}],"wp:attachment":[{"href":"https:\/\/lavandou-watersports.fr\/en\/wp-json\/wp\/v2\/media?parent=16000"}],"curies":[{"name":"wp","href":"https:\/\/api.w.org\/{rel}","templated":true}]}}